{"id":146127,"date":"2022-03-19T00:00:00","date_gmt":"2022-03-18T15:00:00","guid":{"rendered":"https:\/\/tomatodvd2023.com\/store\/product\/%e9%88%b4%e5%8e%9f%e3%82%8a%e3%81%93vs%e4%bb%ae%e6%83%b3%e3%82%a8%e3%83%ad%e3%82%b9\/"},"modified":"2024-05-22T01:59:57","modified_gmt":"2024-05-21T16:59:57","slug":"%e9%88%b4%e5%8e%9f%e3%82%8a%e3%81%93vs%e4%bb%ae%e6%83%b3%e3%82%a8%e3%83%ad%e3%82%b9","status":"publish","type":"product","link":"https:\/\/tomatodvd2023.com\/store\/product\/%e9%88%b4%e5%8e%9f%e3%82%8a%e3%81%93vs%e4%bb%ae%e6%83%b3%e3%82%a8%e3%83%ad%e3%82%b9\/","title":{"rendered":"\u9234\u539f\u308a\u3053vs\u4eee\u60f3\u30a8\u30ed\u30b9"},"content":{"rendered":"","protected":false},"excerpt":{"rendered":"<p>\u30b5\u30a4\u30af\u30ea\u30f3\u30b0\u30c7\u30fc\u30c8\u3057\u3066\u305f\u306f\u305a\u306a\u306e\u306b\u3001\u3061\u3087\u3063\u3068\u30a8\u30c3\u30c1\u306a\u6c17\u5206\u306b\u306a\u3063\u3061\u3083\u3063\u3066\u2026\u3002\u5185\u7dd2\u3067\u4ed8\u304d\u5408\u3063\u3066\u3044\u308b\u5f7c\u5973\u3068\u3053\u3063\u305d\u308a\u96a0\u308c\u3066\u00d7\u00d7\u00d7\u3002\u3044\u3051\u306a\u3044\u95a2\u4fc2\u306e\u30dc\u30af\u305f\u3061\u306f\u65e5\u5e38\u3092\u96e2\u308c\u305f\u89e3\u653e\u611f\u3067\u3082\u3046\u4e71\u308c\u307e\u304f\u3063\u3061\u3083\u3063\u3066\u2026\u3002\u30ab\u30d5\u30a7\u3067\u898b\u3064\u3051\u305f\u304b\u308f\u3044\u3044\u3042\u306e\u5a18\u3068\u4e00\u591c\u9650\u308a\u306e\u00d7\u00d7\u00d7\u3002\u898b\u305f\u76ee\u306f\u6e05\u695a\u3067\u304a\u3068\u306a\u3057\u305d\u3046\u306a\u9234\u539f\u308a\u3053\u3068\u30a8\u30c3\u30c1\u306a\u5984\u60f3\u30b7\u30c1\u30e5\u30a8\u30fc\u30b7\u30e7\u30f3\u3002\u5168\u7de8\u30d0\u30a4\u30ce\u30fc\u30e9\u30eb\u9332\u97f3\u3067\u9a5a\u304d\u306e\u81e8\u5834\u611f\u3002\u30a4\u30e4\u30d5\u30a9\u30f3\u3082\u3057\u304f\u306f\u30d8\u30c3\u30c9\u30d5\u30a9\u30f3\u3067\u3054\u8996\u8074\u304f\u3060\u3055\u3044\u3002<\/p>\n","protected":false},"featured_media":146128,"template":"","meta":{"_acf_changed":false},"product_brand":[],"product_cat":[16,212,414,34,19,21,28,20],"product_tag":[],"class_list":{"0":"post-146127","1":"product","2":"type-product","3":"status-publish","4":"has-post-thumbnail","6":"product_cat-sku","7":"product_cat-aircontrol","8":"product_cat-v","9":"product_cat-34","10":"product_cat-genre","11":"product_cat-mfr","12":"product_cat-28","13":"product_cat-looks","15":"first","16":"instock","17":"purchasable","18":"product-type-simple"},"acf":[],"_links":{"self":[{"href":"https:\/\/tomatodvd2023.com\/store\/wp-json\/wp\/v2\/product\/146127","targetHints":{"allow":["GET"]}}],"collection":[{"href":"https:\/\/tomatodvd2023.com\/store\/wp-json\/wp\/v2\/product"}],"about":[{"href":"https:\/\/tomatodvd2023.com\/store\/wp-json\/wp\/v2\/types\/product"}],"wp:featuredmedia":[{"embeddable":true,"href":"https:\/\/tomatodvd2023.com\/store\/wp-json\/wp\/v2\/media\/146128"}],"wp:attachment":[{"href":"https:\/\/tomatodvd2023.com\/store\/wp-json\/wp\/v2\/media?parent=146127"}],"wp:term":[{"taxonomy":"product_brand","embeddable":true,"href":"https:\/\/tomatodvd2023.com\/store\/wp-json\/wp\/v2\/product_brand?post=146127"},{"taxonomy":"product_cat","embeddable":true,"href":"https:\/\/tomatodvd2023.com\/store\/wp-json\/wp\/v2\/product_cat?post=146127"},{"taxonomy":"product_tag","embeddable":true,"href":"https:\/\/tomatodvd2023.com\/store\/wp-json\/wp\/v2\/product_tag?post=146127"}],"curies":[{"name":"wp","href":"https:\/\/api.w.org\/{rel}","templated":true}]}}