{"id":152751,"date":"2022-04-24T00:00:00","date_gmt":"2022-04-23T15:00:00","guid":{"rendered":"https:\/\/tomatodvd2023.com\/store\/product\/%e5%b0%8f%e6%9f%b3%e6%ad%a9vs%e4%bb%ae%e6%83%b3%e3%82%a8%e3%83%ad%e3%82%b9\/"},"modified":"2024-05-22T04:42:48","modified_gmt":"2024-05-21T19:42:48","slug":"%e5%b0%8f%e6%9f%b3%e6%ad%a9vs%e4%bb%ae%e6%83%b3%e3%82%a8%e3%83%ad%e3%82%b9","status":"publish","type":"product","link":"https:\/\/tomatodvd2023.com\/store\/product\/%e5%b0%8f%e6%9f%b3%e6%ad%a9vs%e4%bb%ae%e6%83%b3%e3%82%a8%e3%83%ad%e3%82%b9\/","title":{"rendered":"\u5c0f\u67f3\u6b69vs\u4eee\u60f3\u30a8\u30ed\u30b9"},"content":{"rendered":"","protected":false},"excerpt":{"rendered":"<p>\u30a4\u30f3\u30b9\u30c8\u30e9\u30af\u30bf\u30fc\u306e\u30b9\u30ec\u30f3\u30c0\u30fc\u306a\u30ab\u30e9\u30c0\u3092\u601d\u3046\u5b58\u5206\u697d\u3057\u3093\u3060\u3073\u3057\u3087\u6fe1\u308c\u30b7\u30e3\u30ef\u30fc\u30eb\u30fc\u30e0\u3002\u4e8c\u4eba\u3063\u304d\u308a\u306e\u30d7\u30fc\u30eb\u3067\u5148\u8f29\u306e\u30ab\u30e9\u30c0\u3092\u773a\u3081\u305f\u5f8c\u306f\u30db\u30c6\u30eb\u3067\u00d7\u00d7\u00d7\u3002\u304a\u91d1\u306e\u306a\u3044\u30dc\u30af\u305f\u3061\u306f\u3001\u3044\u3064\u3082\u306e\u30de\u30f3\u55ab\u3067\u3001\u3044\u3064\u3082\u901a\u308a\u30a8\u30c3\u30c1\u306a\u30b3\u30c8\u3092\u3057\u3066\u3044\u308b\u306e\u306f\u79d8\u5bc6\u3067\u3059\u3002\u30d0\u30a4\u30c8\u306e\u5973\u306e\u5b50\u304c\u96fb\u9003\u3057\u3066\u5c45\u9152\u5c4b\u306b\u304a\u6cca\u308a\u3001\u9154\u3063\u305f\u52e2\u3044\u3067\u5e97\u9577\u3068\u00d7\u00d7\u00d7\u3002\u6700\u65b0ASMR\u6a5f\u6750\u3092\u4f7f\u7528\u3057\u3066\u3088\u308a\u81e8\u5834\u611f\u3092\u5897\u3057\u305fvs\u4eee\u60f3\u30a8\u30ed\u30b9\u6700\u65b0\u4f5c\u3002<\/p>\n","protected":false},"featured_media":152752,"template":"","meta":{"_acf_changed":false},"product_brand":[],"product_cat":[16,212,414,34,19,21,28,20],"product_tag":[],"class_list":{"0":"post-152751","1":"product","2":"type-product","3":"status-publish","4":"has-post-thumbnail","6":"product_cat-sku","7":"product_cat-aircontrol","8":"product_cat-v","9":"product_cat-34","10":"product_cat-genre","11":"product_cat-mfr","12":"product_cat-28","13":"product_cat-looks","15":"first","16":"instock","17":"purchasable","18":"product-type-simple"},"acf":[],"_links":{"self":[{"href":"https:\/\/tomatodvd2023.com\/store\/wp-json\/wp\/v2\/product\/152751","targetHints":{"allow":["GET"]}}],"collection":[{"href":"https:\/\/tomatodvd2023.com\/store\/wp-json\/wp\/v2\/product"}],"about":[{"href":"https:\/\/tomatodvd2023.com\/store\/wp-json\/wp\/v2\/types\/product"}],"wp:featuredmedia":[{"embeddable":true,"href":"https:\/\/tomatodvd2023.com\/store\/wp-json\/wp\/v2\/media\/152752"}],"wp:attachment":[{"href":"https:\/\/tomatodvd2023.com\/store\/wp-json\/wp\/v2\/media?parent=152751"}],"wp:term":[{"taxonomy":"product_brand","embeddable":true,"href":"https:\/\/tomatodvd2023.com\/store\/wp-json\/wp\/v2\/product_brand?post=152751"},{"taxonomy":"product_cat","embeddable":true,"href":"https:\/\/tomatodvd2023.com\/store\/wp-json\/wp\/v2\/product_cat?post=152751"},{"taxonomy":"product_tag","embeddable":true,"href":"https:\/\/tomatodvd2023.com\/store\/wp-json\/wp\/v2\/product_tag?post=152751"}],"curies":[{"name":"wp","href":"https:\/\/api.w.org\/{rel}","templated":true}]}}