{"id":160801,"date":"2015-11-21T00:00:00","date_gmt":"2015-11-20T15:00:00","guid":{"rendered":"https:\/\/tomatodvd2023.com\/store\/product\/plum-time%e2%99%aa-%e6%a2%85%e7%94%b0%e3%81%82%e3%82%84\/"},"modified":"2024-05-22T09:06:30","modified_gmt":"2024-05-22T00:06:30","slug":"plum-time%e2%99%aa-%e6%a2%85%e7%94%b0%e3%81%82%e3%82%84","status":"publish","type":"product","link":"https:\/\/tomatodvd2023.com\/store\/product\/plum-time%e2%99%aa-%e6%a2%85%e7%94%b0%e3%81%82%e3%82%84\/","title":{"rendered":"plum time\u266a \u6885\u7530\u3042\u3084"},"content":{"rendered":"","protected":false},"excerpt":{"rendered":"<p>\u6885\u7530\u3042\u3084\u3061\u3083\u3093\u304c\u5168\u958b\u307e\u3067\u3076\u3063\u3061\u304e\u308a\u306b\u98db\u3070\u3057\u3066\u3044\u304d\u307e\u3059\uff01\uff01\u5c0f\u3055\u3081\u306a\u6c34\u7740\u304c\u3044\u3044\u611f\u3058\u306b\u00d7\u00d7\u00d7\uff01\uff01\u3053\u307c\u308c\u843d\u3061\u305d\u3046\u306a\u5927\u304d\u3044\u30aa\u30c3\u30d1\u30a4\u304c\u3053\u308c\u307e\u305f\u9b45\u529b\u306a\u3093\u3067\u3059\uff01<\/p>\n","protected":false},"featured_media":160802,"template":"","meta":{"_acf_changed":false},"product_brand":[],"product_cat":[16,428,212,19,21,67,429,20],"product_tag":[],"class_list":{"0":"post-160801","1":"product","2":"type-product","3":"status-publish","4":"has-post-thumbnail","6":"product_cat-sku","7":"product_cat-a","8":"product_cat-aircontrol","9":"product_cat-genre","10":"product_cat-mfr","11":"product_cat-67","12":"product_cat-429","13":"product_cat-looks","15":"first","16":"instock","17":"purchasable","18":"product-type-simple"},"acf":[],"_links":{"self":[{"href":"https:\/\/tomatodvd2023.com\/store\/wp-json\/wp\/v2\/product\/160801","targetHints":{"allow":["GET"]}}],"collection":[{"href":"https:\/\/tomatodvd2023.com\/store\/wp-json\/wp\/v2\/product"}],"about":[{"href":"https:\/\/tomatodvd2023.com\/store\/wp-json\/wp\/v2\/types\/product"}],"wp:featuredmedia":[{"embeddable":true,"href":"https:\/\/tomatodvd2023.com\/store\/wp-json\/wp\/v2\/media\/160802"}],"wp:attachment":[{"href":"https:\/\/tomatodvd2023.com\/store\/wp-json\/wp\/v2\/media?parent=160801"}],"wp:term":[{"taxonomy":"product_brand","embeddable":true,"href":"https:\/\/tomatodvd2023.com\/store\/wp-json\/wp\/v2\/product_brand?post=160801"},{"taxonomy":"product_cat","embeddable":true,"href":"https:\/\/tomatodvd2023.com\/store\/wp-json\/wp\/v2\/product_cat?post=160801"},{"taxonomy":"product_tag","embeddable":true,"href":"https:\/\/tomatodvd2023.com\/store\/wp-json\/wp\/v2\/product_tag?post=160801"}],"curies":[{"name":"wp","href":"https:\/\/api.w.org\/{rel}","templated":true}]}}