{"id":179088,"date":"2018-06-30T00:00:00","date_gmt":"2018-06-29T15:00:00","guid":{"rendered":"https:\/\/tomatodvd2023.com\/store\/product\/%e3%82%bf%e3%83%bc%e3%82%b2%e3%83%83%e3%83%88%e3%80%80%e6%9f%9a%e6%9c%a8%e3%81%97%e3%81%8a%e3%82%8a\/"},"modified":"2024-05-22T18:33:53","modified_gmt":"2024-05-22T09:33:53","slug":"%e3%82%bf%e3%83%bc%e3%82%b2%e3%83%83%e3%83%88%e3%80%80%e6%9f%9a%e6%9c%a8%e3%81%97%e3%81%8a%e3%82%8a","status":"publish","type":"product","link":"https:\/\/tomatodvd2023.com\/store\/product\/%e3%82%bf%e3%83%bc%e3%82%b2%e3%83%83%e3%83%88%e3%80%80%e6%9f%9a%e6%9c%a8%e3%81%97%e3%81%8a%e3%82%8a\/","title":{"rendered":"\u30bf\u30fc\u30b2\u30c3\u30c8\u3000\u67da\u6728\u3057\u304a\u308a"},"content":{"rendered":"","protected":false},"excerpt":{"rendered":"<p>\u30ae\u30ea\u30ae\u30ea\u306e\u30c9\u30c3\u30ad\u30c9\u30ad\u4f5c\u54c1\uff01\u4eba\u6c17\u30a2\u30a4\u30c9\u30eb\u67da\u6728\u3057\u304a\u308a\u3061\u3083\u3093\u767b\u5834\uff01\u4ed8\u3051\u72d9\u308f\u308c\u3066\u30ed\u30c3\u30af\u30aa\u30f3\u3055\u308c\u305f\u5f7c\u5973\uff08\u30bf\u30fc\u30b2\u30c3\u30c8\uff09\u306f\u30a8\u30ec\u30d9\u30fc\u30bf\u30fc\u3067\u00d7\u00d7\u00d7\u56da\u308f\u308c\u3066\u624b\u8db3\u3092\u62d8\u675f\u3055\u308c\u8cac\u3081\u3089\u308c\u308b\u2026\u5f7c\u5973\u306f\u6210\u3059\u8853\u3082\u7121\u304f\u8131\u304c\u3055\u308c\u3066\u30a4\u30af\u5f90\u3005\u306b\u72c2\u3044\u3060\u3059\u6b6f\u8eca&#8230;\u305d\u3057\u3066\u52a0\u901f\u3057\u3066\u884c\u304f\u3002<\/p>\n","protected":false},"featured_media":179089,"template":"","meta":{"_acf_changed":false},"product_brand":[],"product_cat":[16,428,212,19,21,429,28,20],"product_tag":[],"class_list":{"0":"post-179088","1":"product","2":"type-product","3":"status-publish","4":"has-post-thumbnail","6":"product_cat-sku","7":"product_cat-a","8":"product_cat-aircontrol","9":"product_cat-genre","10":"product_cat-mfr","11":"product_cat-429","12":"product_cat-28","13":"product_cat-looks","15":"first","16":"instock","17":"purchasable","18":"product-type-simple"},"acf":[],"_links":{"self":[{"href":"https:\/\/tomatodvd2023.com\/store\/wp-json\/wp\/v2\/product\/179088","targetHints":{"allow":["GET"]}}],"collection":[{"href":"https:\/\/tomatodvd2023.com\/store\/wp-json\/wp\/v2\/product"}],"about":[{"href":"https:\/\/tomatodvd2023.com\/store\/wp-json\/wp\/v2\/types\/product"}],"wp:featuredmedia":[{"embeddable":true,"href":"https:\/\/tomatodvd2023.com\/store\/wp-json\/wp\/v2\/media\/179089"}],"wp:attachment":[{"href":"https:\/\/tomatodvd2023.com\/store\/wp-json\/wp\/v2\/media?parent=179088"}],"wp:term":[{"taxonomy":"product_brand","embeddable":true,"href":"https:\/\/tomatodvd2023.com\/store\/wp-json\/wp\/v2\/product_brand?post=179088"},{"taxonomy":"product_cat","embeddable":true,"href":"https:\/\/tomatodvd2023.com\/store\/wp-json\/wp\/v2\/product_cat?post=179088"},{"taxonomy":"product_tag","embeddable":true,"href":"https:\/\/tomatodvd2023.com\/store\/wp-json\/wp\/v2\/product_tag?post=179088"}],"curies":[{"name":"wp","href":"https:\/\/api.w.org\/{rel}","templated":true}]}}