{"id":209008,"date":"2021-10-23T00:00:00","date_gmt":"2021-10-22T15:00:00","guid":{"rendered":"https:\/\/tomatodvd2023.com\/store\/product\/%e8%aa%98%e6%83%91%e3%82%b5%e3%82%ad%e3%83%a5%e3%83%90%e3%82%b9-%e6%9c%88%e5%9f%8e%e3%81%be%e3%82%86\/"},"modified":"2024-05-23T17:39:54","modified_gmt":"2024-05-23T08:39:54","slug":"%e8%aa%98%e6%83%91%e3%82%b5%e3%82%ad%e3%83%a5%e3%83%90%e3%82%b9-%e6%9c%88%e5%9f%8e%e3%81%be%e3%82%86","status":"publish","type":"product","link":"https:\/\/tomatodvd2023.com\/store\/product\/%e8%aa%98%e6%83%91%e3%82%b5%e3%82%ad%e3%83%a5%e3%83%90%e3%82%b9-%e6%9c%88%e5%9f%8e%e3%81%be%e3%82%86\/","title":{"rendered":"\u8a98\u60d1\u30b5\u30ad\u30e5\u30d0\u30b9 \u6708\u57ce\u307e\u3086"},"content":{"rendered":"","protected":false},"excerpt":{"rendered":"<p>\u30df\u30b9FLASH2017\u306e\u6708\u57ce\u307e\u3086\u3061\u3083\u3093\u304c\u30bb\u30af\u30b7\u30fc\u306a\u8863\u88c5\u3067\u6700\u65b0DVD\u3092\u30ea\u30ea\u30fc\u30b9\uff01\u30bf\u30a4\u30d7\u306e\u9055\u30468\u4eba\u306e\u7537\u3092\u8a98\u60d1\u3057\u3066\u00d7\u00d7\u00d7\u3057\u3061\u3083\u3046\u3001\u3068\u3063\u3066\u3082\u5c0f\u60aa\u9b54\u306a\u307e\u3086\u3061\u3083\u3093\u3002\u304b\u308f\u3044\u3059\u304e\u308b\u7f8e\u5c11\u5973\u3068\u5922\u306e\u30d2\u30c8\u30c8\u30ad\u3092\u697d\u3057\u3082\u3046\uff01\uff01<\/p>\n","protected":false},"featured_media":209009,"template":"","meta":{"_acf_changed":false},"product_brand":[],"product_cat":[16,212,748,34,19,21,28,20],"product_tag":[],"class_list":{"0":"post-209008","1":"product","2":"type-product","3":"status-publish","4":"has-post-thumbnail","6":"product_cat-sku","7":"product_cat-aircontrol","8":"product_cat-u","9":"product_cat-34","10":"product_cat-genre","11":"product_cat-mfr","12":"product_cat-28","13":"product_cat-looks","15":"first","16":"instock","17":"purchasable","18":"product-type-simple"},"acf":[],"_links":{"self":[{"href":"https:\/\/tomatodvd2023.com\/store\/wp-json\/wp\/v2\/product\/209008","targetHints":{"allow":["GET"]}}],"collection":[{"href":"https:\/\/tomatodvd2023.com\/store\/wp-json\/wp\/v2\/product"}],"about":[{"href":"https:\/\/tomatodvd2023.com\/store\/wp-json\/wp\/v2\/types\/product"}],"wp:featuredmedia":[{"embeddable":true,"href":"https:\/\/tomatodvd2023.com\/store\/wp-json\/wp\/v2\/media\/209009"}],"wp:attachment":[{"href":"https:\/\/tomatodvd2023.com\/store\/wp-json\/wp\/v2\/media?parent=209008"}],"wp:term":[{"taxonomy":"product_brand","embeddable":true,"href":"https:\/\/tomatodvd2023.com\/store\/wp-json\/wp\/v2\/product_brand?post=209008"},{"taxonomy":"product_cat","embeddable":true,"href":"https:\/\/tomatodvd2023.com\/store\/wp-json\/wp\/v2\/product_cat?post=209008"},{"taxonomy":"product_tag","embeddable":true,"href":"https:\/\/tomatodvd2023.com\/store\/wp-json\/wp\/v2\/product_tag?post=209008"}],"curies":[{"name":"wp","href":"https:\/\/api.w.org\/{rel}","templated":true}]}}