{"id":307354,"date":"2024-09-20T00:00:00","date_gmt":"2024-09-19T15:00:00","guid":{"rendered":"https:\/\/tomatodvd2023.com\/store\/product\/%e7%94%9f%e6%84%8f%e6%b0%97%e3%81%aa%e6%80%a0%e6%85%a2%e3%82%a2%e3%83%ab%e3%83%90%e3%82%a4%e3%83%88%e3%82%92%e4%b8%8a%e6%89%8b%e3%81%ab%e5%8f%b1%e3%82%8b%e3%81%ab%e3%81%af%ef%bc%9f-%e5%a4%a7%e4%ba%8b\/"},"modified":"2024-09-21T05:32:35","modified_gmt":"2024-09-20T20:32:35","slug":"%e7%94%9f%e6%84%8f%e6%b0%97%e3%81%aa%e6%80%a0%e6%85%a2%e3%82%a2%e3%83%ab%e3%83%90%e3%82%a4%e3%83%88%e3%82%92%e4%b8%8a%e6%89%8b%e3%81%ab%e5%8f%b1%e3%82%8b%e3%81%ab%e3%81%af%ef%bc%9f-%e5%a4%a7%e4%ba%8b","status":"publish","type":"product","link":"https:\/\/tomatodvd2023.com\/store\/product\/%e7%94%9f%e6%84%8f%e6%b0%97%e3%81%aa%e6%80%a0%e6%85%a2%e3%82%a2%e3%83%ab%e3%83%90%e3%82%a4%e3%83%88%e3%82%92%e4%b8%8a%e6%89%8b%e3%81%ab%e5%8f%b1%e3%82%8b%e3%81%ab%e3%81%af%ef%bc%9f-%e5%a4%a7%e4%ba%8b\/","title":{"rendered":"\u751f\u610f\u6c17\u306a\u6020\u6162\u30a2\u30eb\u30d0\u30a4\u30c8\u3092\u4e0a\u624b\u306b\u53f1\u308b\u306b\u306f\uff1f \u5927\u4e8b\u306a\u306e\u306f\u4e2d\u5e74\u5e97\u9577\u304c\u00d7\u00d7\u00d7\u3057\u3066\u3084\u308b\u3053\u3068\u3002 \u6953\u3075\u3046\u3042"},"content":{"rendered":"","protected":false},"excerpt":{"rendered":"<p>\u4eba\u304c\u3044\u306a\u3044\u7530\u820e\u306e\u30b3\u30f3\u30d3\u30cb\u5e97\u9577\u3092\u3057\u3066\u3044\u308b\u4ffa\u3002\u591a\u5fd9\u306a\u4ed5\u4e8b\u3067\u59bb\u306b\u3082\u9003\u3052\u3089\u308c\u305f\u3002\u5ba2\u3069\u3053\u308d\u3058\u3083\u306a\u3044\u3002\u30d0\u30a4\u30c8\u3082\u3044\u306a\u3044\u3002\u3060\u304b\u308924\u6642\u9593\u958b\u3051\u3089\u308c\u306a\u3044\u3002\u305d\u3093\u306a\u9650\u754c\u5e97\u8217\u306b\u5f85\u671b\u306e\u65b0\u30d0\u30a4\u30c8\u304c\u3084\u3063\u3066\u304d\u305f\u3002\u3053\u3044\u3064\u306f\u30c7\u30ab\u3044\uff01\u4ffa\u306e\u4ed5\u4e8b\u3082\u5e7e\u3089\u304b\u697d\u306b\u306a\u308b\u306f\u305a\u3002\u3060\u3063\u305f\u3093\u3060\u304c\u2026\u84cb\u3092\u958b\u3051\u308c\u3070\u52e4\u52b4\u610f\u6b32\u30bc\u30ed\u306e\u7d66\u6599\u6ce5\u68d2\u732b\u3002\u3044\u3084\u3001\u30bf\u30c0\u50cd\u304d\u3067\u3082\u3057\u3066\u304f\u308c\u305f\u307b\u3046\u304c\u307e\u3060\u30de\u30b7\u3060\u3063\u305f\u3002\u4ffa\u306e\u4eba\u751f\u306b\u6b8b\u3055\u308c\u305f\u552f\u4e00\u306e\u5e97\u3068\u81ea\u5206\u306e\u30d7\u30e9\u30a4\u30c9\u3092\u5b88\u308b\u305f\u3081\u3001\u3053\u306e\u8210\u3081\u305f\u5973\u3092\u5e97\u5185\u306b\u7bb1\u8a70\u3081\u3057\u3066\u53cd\u7701\u3059\u308b\u307e\u3067XXX\u3057\u3066\u3084\u308b\u2026\u3002<\/p>\n","protected":false},"featured_media":307355,"template":"","meta":{"_acf_changed":false},"product_brand":[],"product_cat":[16,336,201,19,21,27,28,20],"product_tag":[],"class_list":{"0":"post-307354","1":"product","2":"type-product","3":"status-publish","4":"has-post-thumbnail","6":"product_cat-sku","7":"product_cat-d","8":"product_cat-201","9":"product_cat-genre","10":"product_cat-mfr","11":"product_cat-27","12":"product_cat-28","13":"product_cat-looks","15":"first","16":"instock","17":"purchasable","18":"product-type-simple"},"acf":[],"_links":{"self":[{"href":"https:\/\/tomatodvd2023.com\/store\/wp-json\/wp\/v2\/product\/307354","targetHints":{"allow":["GET"]}}],"collection":[{"href":"https:\/\/tomatodvd2023.com\/store\/wp-json\/wp\/v2\/product"}],"about":[{"href":"https:\/\/tomatodvd2023.com\/store\/wp-json\/wp\/v2\/types\/product"}],"wp:featuredmedia":[{"embeddable":true,"href":"https:\/\/tomatodvd2023.com\/store\/wp-json\/wp\/v2\/media\/307355"}],"wp:attachment":[{"href":"https:\/\/tomatodvd2023.com\/store\/wp-json\/wp\/v2\/media?parent=307354"}],"wp:term":[{"taxonomy":"product_brand","embeddable":true,"href":"https:\/\/tomatodvd2023.com\/store\/wp-json\/wp\/v2\/product_brand?post=307354"},{"taxonomy":"product_cat","embeddable":true,"href":"https:\/\/tomatodvd2023.com\/store\/wp-json\/wp\/v2\/product_cat?post=307354"},{"taxonomy":"product_tag","embeddable":true,"href":"https:\/\/tomatodvd2023.com\/store\/wp-json\/wp\/v2\/product_tag?post=307354"}],"curies":[{"name":"wp","href":"https:\/\/api.w.org\/{rel}","templated":true}]}}