{"id":316950,"date":"2024-10-27T00:00:00","date_gmt":"2024-10-26T15:00:00","guid":{"rendered":"https:\/\/tomatodvd2023.com\/store\/product\/%e3%81%94%e3%81%af%e3%82%93%e3%81%ab%e3%81%99%e3%82%8b%ef%bc%9f%e3%81%8a%e3%81%b5%e3%82%8d%e3%81%ab%e3%81%99%e3%82%8b%ef%bc%9f%e3%81%9d%e3%82%8c%e3%81%a8%e3%82%82xxx-%e3%82%81\/"},"modified":"2024-10-27T09:50:24","modified_gmt":"2024-10-27T00:50:24","slug":"%e3%81%94%e3%81%af%e3%82%93%e3%81%ab%e3%81%99%e3%82%8b%ef%bc%9f%e3%81%8a%e3%81%b5%e3%82%8d%e3%81%ab%e3%81%99%e3%82%8b%ef%bc%9f%e3%81%9d%e3%82%8c%e3%81%a8%e3%82%82xxx-%e3%82%81","status":"publish","type":"product","link":"https:\/\/tomatodvd2023.com\/store\/product\/%e3%81%94%e3%81%af%e3%82%93%e3%81%ab%e3%81%99%e3%82%8b%ef%bc%9f%e3%81%8a%e3%81%b5%e3%82%8d%e3%81%ab%e3%81%99%e3%82%8b%ef%bc%9f%e3%81%9d%e3%82%8c%e3%81%a8%e3%82%82xxx-%e3%82%81\/","title":{"rendered":"\u3054\u306f\u3093\u306b\u3059\u308b\uff1f\u304a\u3075\u308d\u306b\u3059\u308b\uff1f\u305d\u308c\u3068\u3082\u00d7\u00d7\u00d7&#8230;&#8230;\/\u3081\u3050\u307f\u3046\u3044"},"content":{"rendered":"","protected":false},"excerpt":{"rendered":"<p>\u30a2\u30a4\u30c9\u30eb\u30e6\u30cb\u30c3\u30c8\u300c\u541b\u3068\u30e6\u30cb\u30aa\u30f3\u3059\u308b\u91cf\u5b50\u8003\u5bdf\u300d\u30e1\u30f3\u30d0\u30fc\u3067\u30b2\u30fc\u30e0\u3068\u304a\u9152\u306e\u597d\u304d\u306a\u30bb\u30af\u30b7\u30fc\u6c34\u8272\u62c5\u5f53\u306e\u3081\u3050\u307f\u3046\u3044\u3061\u3083\u3093\u306e\u6700\u65b0\u30a4\u30e1\u30fc\u30b8\u4f5c\u54c1\u3002\u4eca\u56de\u306f\u3046\u3044\u3061\u3083\u3093\u3068\u304a\u3046\u3061\u30c7\u30fc\u30c8\uff01\u8272\u3093\u306a\u30b7\u30c1\u30e5\u30a8\u30fc\u30b7\u30e7\u30f3\u3067\u3046\u3044\u3061\u3083\u3093\u3092\u72ec\u308a\u5360\u3081\u3067\u304d\u308b\u3002\u88f8\u30a8\u30d7\u30ed\u30f3\u3067\u300c\u3042\u306a\u305f\uff5e\u3054\u306f\u3093\u306b\u3059\u308b\uff1f\u304a\u3075\u308d\u306b\u3059\u308b\uff1f\u305d\u308c\u3068\u3082\u00d7\u00d7\u00d7&#8230;&#8230;\u300d\u3068\u3061\u3087\u3063\u3074\u308aH\u306a\u3046\u3044\u3061\u3083\u3093\u3092\u898b\u308c\u3061\u3083\u3046\u3002<\/p>\n","protected":false},"featured_media":316951,"template":"","meta":{"_acf_changed":false},"product_brand":[],"product_cat":[16,822,433,19,21,429,28,20],"product_tag":[],"class_list":{"0":"post-316950","1":"product","2":"type-product","3":"status-publish","4":"has-post-thumbnail","6":"product_cat-sku","7":"product_cat-b","8":"product_cat-433","9":"product_cat-genre","10":"product_cat-mfr","11":"product_cat-429","12":"product_cat-28","13":"product_cat-looks","15":"first","16":"instock","17":"purchasable","18":"product-type-simple"},"acf":[],"_links":{"self":[{"href":"https:\/\/tomatodvd2023.com\/store\/wp-json\/wp\/v2\/product\/316950","targetHints":{"allow":["GET"]}}],"collection":[{"href":"https:\/\/tomatodvd2023.com\/store\/wp-json\/wp\/v2\/product"}],"about":[{"href":"https:\/\/tomatodvd2023.com\/store\/wp-json\/wp\/v2\/types\/product"}],"wp:featuredmedia":[{"embeddable":true,"href":"https:\/\/tomatodvd2023.com\/store\/wp-json\/wp\/v2\/media\/316951"}],"wp:attachment":[{"href":"https:\/\/tomatodvd2023.com\/store\/wp-json\/wp\/v2\/media?parent=316950"}],"wp:term":[{"taxonomy":"product_brand","embeddable":true,"href":"https:\/\/tomatodvd2023.com\/store\/wp-json\/wp\/v2\/product_brand?post=316950"},{"taxonomy":"product_cat","embeddable":true,"href":"https:\/\/tomatodvd2023.com\/store\/wp-json\/wp\/v2\/product_cat?post=316950"},{"taxonomy":"product_tag","embeddable":true,"href":"https:\/\/tomatodvd2023.com\/store\/wp-json\/wp\/v2\/product_tag?post=316950"}],"curies":[{"name":"wp","href":"https:\/\/api.w.org\/{rel}","templated":true}]}}