{"id":343234,"date":"2025-03-04T00:00:00","date_gmt":"2025-03-03T15:00:00","guid":{"rendered":"https:\/\/tomatodvd2023.com\/store\/product\/%e3%83%9e%e3%83%8b%e3%82%a2%e5%9e%82%e6%b6%8e%ef%bc%81%e5%8c%97%e9%96%a2%e6%9d%b1%e3%81%ae%e5%a0%b4%e6%9c%ab%e3%81%ae%e3%82%b9%e3%83%8a%e3%83%83%e3%82%af%e3%82%92%e5%88%87%e3%82%8a%e7%9b%9b%e3%82%8a\/"},"modified":"2025-03-04T22:11:40","modified_gmt":"2025-03-04T13:11:40","slug":"%e3%83%9e%e3%83%8b%e3%82%a2%e5%9e%82%e6%b6%8e%ef%bc%81%e5%8c%97%e9%96%a2%e6%9d%b1%e3%81%ae%e5%a0%b4%e6%9c%ab%e3%81%ae%e3%82%b9%e3%83%8a%e3%83%83%e3%82%af%e3%82%92%e5%88%87%e3%82%8a%e7%9b%9b%e3%82%8a","status":"publish","type":"product","link":"https:\/\/tomatodvd2023.com\/store\/product\/%e3%83%9e%e3%83%8b%e3%82%a2%e5%9e%82%e6%b6%8e%ef%bc%81%e5%8c%97%e9%96%a2%e6%9d%b1%e3%81%ae%e5%a0%b4%e6%9c%ab%e3%81%ae%e3%82%b9%e3%83%8a%e3%83%83%e3%82%af%e3%82%92%e5%88%87%e3%82%8a%e7%9b%9b%e3%82%8a\/","title":{"rendered":"\u30de\u30cb\u30a2\u5782\u6d8e\uff01\u5317\u95a2\u6771\u306e\u5834\u672b\u306e\u30b9\u30ca\u30c3\u30af\u3092\u5207\u308a\u76db\u308a\u3057\u3066\u3044\u308b\u540d\u7269\u8d85\u4e73J-cup\u30cf\u30fc\u30d5\u306e\u5de8\u6f22\u30de\u30de\u3068\u306e\u00d7\u00d7\u00d7\u3002\u6027\u6b32\u304c\u6b62\u307e\u3089\u306a\u3044\u5598\u304e\u58f0\u30c7\u30ab\u3081\u306e\u30c9\u30b9\u30b1\u30d9\u6deb\u4e71\u30d3\u30c3\u30c1\u3067\u3059\u3002\u30a8\u30df\u30ea\uff0828\u6b73\uff09"},"content":{"rendered":"","protected":false},"excerpt":{"rendered":"<p>\u5317\u95a2\u6771\u306e\u5c0f\u3055\u306a\u753a\u3067\u30b9\u30ca\u30c3\u30af\u3092\u55b6\u3093\u3067\u3044\u308b\u9ad8\u8eab\u9577\u304b\u3064\u8c4a\u6e80\u30dc\u30c7\u30a3\u306e\u30a8\u30ad\u30be\u30c1\u30c3\u30af\u306a\u30db\u30eb\u30b9\u30bf\u30a4\u30f3\u30de\u30de\u3055\u3093\u3067\u3059\u3002\u307e\u3060\u82e5\u3044\u306e\u3067\u306f\u3061\u5207\u308c\u3093\u3070\u304b\u308a\u306e\u30d1\u30c4\u30d1\u30c4\u306e\u8089\u306f\u3082\u3046\u30de\u30cb\u30a2\u306b\u306f\u30bf\u30de\u308a\u307e\u305b\u3093\uff01\u3057\u304b\u3082\u6d77\u5916\u306e\u8840\u304c\u5165\u3063\u3066\u3044\u308b\u305b\u3044\u304b\u30a8\u30ed\u3055\u3082\u65e5\u672c\u4eba\u96e2\u308c\u3057\u3066\u307e\u3059w\u3059\u3063\u3054\u3044\u6fc0\u3057\u304f\u60c5\u71b1\u7684\u3067\u3059ww\u7fa8\u307e\u3057\u304f\u3066\u6d8e\u3068\u30ac\u30de\u30f3\u6c41\u5fc5\u81f3\u3067\u3059\u308f\uff01\uff01<\/p>\n","protected":false},"featured_media":343235,"template":"","meta":{"_acf_changed":false},"product_brand":[],"product_cat":[16,878,19,21,27,71,28,20],"product_tag":[],"class_list":{"0":"post-343234","1":"product","2":"type-product","3":"status-publish","4":"has-post-thumbnail","6":"product_cat-sku","7":"product_cat-e","8":"product_cat-genre","9":"product_cat-mfr","10":"product_cat-27","11":"product_cat-71","12":"product_cat-28","13":"product_cat-looks","15":"first","16":"instock","17":"purchasable","18":"product-type-simple"},"acf":[],"_links":{"self":[{"href":"https:\/\/tomatodvd2023.com\/store\/wp-json\/wp\/v2\/product\/343234","targetHints":{"allow":["GET"]}}],"collection":[{"href":"https:\/\/tomatodvd2023.com\/store\/wp-json\/wp\/v2\/product"}],"about":[{"href":"https:\/\/tomatodvd2023.com\/store\/wp-json\/wp\/v2\/types\/product"}],"wp:featuredmedia":[{"embeddable":true,"href":"https:\/\/tomatodvd2023.com\/store\/wp-json\/wp\/v2\/media\/343235"}],"wp:attachment":[{"href":"https:\/\/tomatodvd2023.com\/store\/wp-json\/wp\/v2\/media?parent=343234"}],"wp:term":[{"taxonomy":"product_brand","embeddable":true,"href":"https:\/\/tomatodvd2023.com\/store\/wp-json\/wp\/v2\/product_brand?post=343234"},{"taxonomy":"product_cat","embeddable":true,"href":"https:\/\/tomatodvd2023.com\/store\/wp-json\/wp\/v2\/product_cat?post=343234"},{"taxonomy":"product_tag","embeddable":true,"href":"https:\/\/tomatodvd2023.com\/store\/wp-json\/wp\/v2\/product_tag?post=343234"}],"curies":[{"name":"wp","href":"https:\/\/api.w.org\/{rel}","templated":true}]}}