{"id":395113,"date":"2025-11-30T00:00:00","date_gmt":"2025-11-29T15:00:00","guid":{"rendered":"https:\/\/tomatodvd2023.com\/store\/product\/%e7%99%be%e7%80%ac%e8%8f%9c%e6%9c%88vs%e4%bb%ae%e6%83%b3%e3%82%a8%e3%83%ad%e3%82%b9\/"},"modified":"2025-12-01T15:54:43","modified_gmt":"2025-12-01T06:54:43","slug":"%e7%99%be%e7%80%ac%e8%8f%9c%e6%9c%88vs%e4%bb%ae%e6%83%b3%e3%82%a8%e3%83%ad%e3%82%b9","status":"publish","type":"product","link":"https:\/\/tomatodvd2023.com\/store\/product\/%e7%99%be%e7%80%ac%e8%8f%9c%e6%9c%88vs%e4%bb%ae%e6%83%b3%e3%82%a8%e3%83%ad%e3%82%b9\/","title":{"rendered":"\u767e\u702c\u83dc\u6708vs\u4eee\u60f3\u30a8\u30ed\u30b9"},"content":{"rendered":"","protected":false},"excerpt":{"rendered":"<p>\u7f8e\u811a\u30b9\u30ec\u30f3\u30c0\u30fc\u306e\u30b7\u30e3\u30fc\u30d7\u306a\u30b9\u30bf\u30a4\u30eb\u3067\u8a71\u984c\u306e\u65b0\u4eba\u30b0\u30e9\u30c9\u30eb\u30fb\u767e\u702c\u83dc\u6708\u304c\u65e9\u304f\u3082\u30a8\u30a2\u30b3\u30f3\u521d\u767b\u5834\uff01\u3057\u304b\u3082\u4eba\u6c17\u30b7\u30ea\u30fc\u30ba\u306e\u300cvs\u4eee\u60f3\u30a8\u30ed\u30b9\u300d\uff08\u30d0\u30a4\u30ce\u30fc\u30e9\u30eb\u9332\u97f3\u3067\u6ca1\u5165\u611f\u304c\u3055\u3089\u306b\u9032\u5316\u203b\u30a4\u30e4\u30d5\u30a9\u30f3\u3001\u30d8\u30c3\u30c9\u30d5\u30a9\u30f3\u8996\u8074\u63a8\u5968\uff09\u3067\u30a8\u30c3\u30c1\u306a\u30f4\u30a1\u30fc\u30c1\u30e3\u30eb\u4f53\u9a13\u3002\u5c45\u9152\u5c4b\u306e\u770b\u677f\u5a18\u3068\u9589\u5e97\u5f8c\u306b\u2026\u3001\u672a\u4ea1\u4eba\u3068\u307e\u3055\u304b\u306e\u2026\u3001\u7f8e\u811a\u30a8\u30b9\u30c6\u30c6\u30a3\u30b7\u30e3\u30f3\u306e\u8a98\u60d1\u65bd\u8853\u306b\u30aa\u30d5\u30a3\u30b9\u3067\u00d7\u00d7\u00d7\u3002\u6700\u9ad8\u904e\u304e\u308b110\u5206\uff01<\/p>\n","protected":false},"featured_media":395114,"template":"","meta":{"_acf_changed":false},"product_brand":[],"product_cat":[16,212,822,19,21,429,28,20],"product_tag":[],"class_list":{"0":"post-395113","1":"product","2":"type-product","3":"status-publish","4":"has-post-thumbnail","6":"product_cat-sku","7":"product_cat-aircontrol","8":"product_cat-b","9":"product_cat-genre","10":"product_cat-mfr","11":"product_cat-429","12":"product_cat-28","13":"product_cat-looks","15":"first","16":"instock","17":"purchasable","18":"product-type-simple"},"acf":[],"_links":{"self":[{"href":"https:\/\/tomatodvd2023.com\/store\/wp-json\/wp\/v2\/product\/395113","targetHints":{"allow":["GET"]}}],"collection":[{"href":"https:\/\/tomatodvd2023.com\/store\/wp-json\/wp\/v2\/product"}],"about":[{"href":"https:\/\/tomatodvd2023.com\/store\/wp-json\/wp\/v2\/types\/product"}],"wp:featuredmedia":[{"embeddable":true,"href":"https:\/\/tomatodvd2023.com\/store\/wp-json\/wp\/v2\/media\/395114"}],"wp:attachment":[{"href":"https:\/\/tomatodvd2023.com\/store\/wp-json\/wp\/v2\/media?parent=395113"}],"wp:term":[{"taxonomy":"product_brand","embeddable":true,"href":"https:\/\/tomatodvd2023.com\/store\/wp-json\/wp\/v2\/product_brand?post=395113"},{"taxonomy":"product_cat","embeddable":true,"href":"https:\/\/tomatodvd2023.com\/store\/wp-json\/wp\/v2\/product_cat?post=395113"},{"taxonomy":"product_tag","embeddable":true,"href":"https:\/\/tomatodvd2023.com\/store\/wp-json\/wp\/v2\/product_tag?post=395113"}],"curies":[{"name":"wp","href":"https:\/\/api.w.org\/{rel}","templated":true}]}}