{"id":418548,"date":"2026-04-25T00:00:00","date_gmt":"2026-04-24T15:00:00","guid":{"rendered":"https:\/\/tomatodvd2023.com\/store\/product\/%e6%b8%85%e6%a5%9a%e7%b3%bb%e3%81%bb%e3%81%ae%e3%81%8b%e3%81%a1%e3%82%83%e3%82%93%e3%82%92xxxx%e3%81%97%e3%81%a6%e3%81%bf%e3%81%9f-%e8%8a%a6%e6%b2%a2%e3%81%bb%e3%81%ae%e3%81%8b\/"},"modified":"2026-04-26T03:53:15","modified_gmt":"2026-04-25T18:53:15","slug":"%e6%b8%85%e6%a5%9a%e7%b3%bb%e3%81%bb%e3%81%ae%e3%81%8b%e3%81%a1%e3%82%83%e3%82%93%e3%82%92xxxx%e3%81%97%e3%81%a6%e3%81%bf%e3%81%9f-%e8%8a%a6%e6%b2%a2%e3%81%bb%e3%81%ae%e3%81%8b","status":"publish","type":"product","link":"https:\/\/tomatodvd2023.com\/store\/product\/%e6%b8%85%e6%a5%9a%e7%b3%bb%e3%81%bb%e3%81%ae%e3%81%8b%e3%81%a1%e3%82%83%e3%82%93%e3%82%92xxxx%e3%81%97%e3%81%a6%e3%81%bf%e3%81%9f-%e8%8a%a6%e6%b2%a2%e3%81%bb%e3%81%ae%e3%81%8b\/","title":{"rendered":"\u6e05\u695a\u7cfb\u307b\u306e\u304b\u3061\u3083\u3093\u3092\u00d7\u00d7\u00d7\u00d7\u3057\u3066\u307f\u305f\/\u82a6\u6ca2\u307b\u306e\u304b\u3000"},"content":{"rendered":"","protected":false},"excerpt":{"rendered":"<p>\u6e05\u695a\u306a\u5973\u306e\u5b50\u3092\u6b32\u671b\u306e\u307e\u307e\u306b\u3010\u00d7\u00d7\u00d7\u00d7\u3011\u3057\u3061\u3083\u3046\u8d85\u7d76\u904e\u6fc0\u306a\u65b0\u30b7\u30ea\u30fc\u30ba\u306b\u6065\u3058\u3089\u3044MAX\u306e\u8272\u767d\u306a\u5973\u306e\u5b50\u300c\u82a6\u6ca2\u307b\u306e\u304b\uff08\u3042\u3057\u3056\u308f\u307b\u306e\u304b\uff09\u300d\u3061\u3083\u3093\u304c\u521d\u767b\u5834\uff01\u300c\u5b9f\u306f\u3007\u3007\u306a\u3093\u3067\u3059\u2026\u300d\u4ed6\u3067\u306f\u805e\u3051\u306a\u3044\u2019\u8d85\u30a8\u30ed\u3059\u304e\u308b\u8cea\u554f\u2019\u3067\u672c\u5f53\u306e\u3053\u3068\u3092\u3076\u3063\u3061\u3083\u3051\u3066\u3082\u3089\u3063\u305f\u308a\u6065\u305a\u304b\u3057\u304c\u308b\u4e2d\u3067\u2019\u91ce\u5916\u653e\u5c3f\u2019\u3055\u305b\u3066\u307f\u305f\u308a\u2026\u2019\u52d5\u3051\u306a\u3044\u72b6\u614b\u2019\u3067\u8272\u7d20\u8584\u76ee\u3067\u654f\u611f\u306a\u30d4\u30f3\u30af\u306e\u679c\u5b9f\u3092\u3053\u308c\u3067\u3082\u304b\u3068\u3044\u3046\u307b\u3069\u30de\u30c3\u30b5\u30fc\u30b8\u3055\u308c\u305f\u308a\u3001\u8edf\u4f53\u306a\u8eab\u4f53\u304b\u3089\u751f\u307f\u51fa\u3055\u308c\u308b\u5909\u614b\u30dd\u30fc\u30ba\u3092\u3057\u306a\u304c\u3089\u30d3\u30af\u30d3\u30af\u3068\u7d76\u9802\u3059\u308b\u59ff\u306b\u306f\u5927\u8208\u596e\u9593\u9055\u3044\u306a\u3057\uff01\u305d\u3057\u3066\u307e\u3055\u304b\u307e\u3055\u304b\u306e\u524d\u4ee3\u672a\u805e\u304a\u3082\u3061\u3083\u201920\u5206\u9593\u5f53\u3066\u7d9a\u3051\u2019\u3067\u604d\u60da\u306a\u8868\u60c5\u3067\u4f55\u5ea6\u3082\u30d3\u30af\u30f3\u30d3\u30af\u30f3\u3068\u5927\u7d76\u9802\u3057\u307e\u304f\u3063\u3061\u3083\u3046\u885d\u6483\u5c55\u958b\u307e\u3067\uff01\u6e05\u695a\u7cfb\u306a\u5973\u306e\u5b50\u306b\u3042\u3093\u306a\u3053\u3068\u3084\u3053\u3093\u306a\u3053\u3068\u3092\u3057\u3066\u307f\u305f\u3044\u2026\uff01\u3092\u8a70\u3081\u8fbc\u3093\u3060\u7537\u306e\u6b32\u671b\u304c\u8a70\u307e\u3063\u305f\u904e\u6fc0\u3059\u304e\u308b\u4e00\u4f5c\u3092\u305c\u3072\u3054\u89a7\u304f\u3060\u3055\u3044\uff01\u3000<\/p>\n","protected":false},"featured_media":418549,"template":"","meta":{"_acf_changed":false},"product_brand":[],"product_cat":[16,1078,34,19,172,21,28,20],"product_tag":[],"class_list":{"0":"post-418548","1":"product","2":"type-product","3":"status-publish","4":"has-post-thumbnail","6":"product_cat-sku","7":"product_cat-h","8":"product_cat-34","9":"product_cat-genre","10":"product_cat-172","11":"product_cat-mfr","12":"product_cat-28","13":"product_cat-looks","15":"first","16":"instock","17":"purchasable","18":"product-type-simple"},"acf":[],"_links":{"self":[{"href":"https:\/\/tomatodvd2023.com\/store\/wp-json\/wp\/v2\/product\/418548","targetHints":{"allow":["GET"]}}],"collection":[{"href":"https:\/\/tomatodvd2023.com\/store\/wp-json\/wp\/v2\/product"}],"about":[{"href":"https:\/\/tomatodvd2023.com\/store\/wp-json\/wp\/v2\/types\/product"}],"wp:featuredmedia":[{"embeddable":true,"href":"https:\/\/tomatodvd2023.com\/store\/wp-json\/wp\/v2\/media\/418549"}],"wp:attachment":[{"href":"https:\/\/tomatodvd2023.com\/store\/wp-json\/wp\/v2\/media?parent=418548"}],"wp:term":[{"taxonomy":"product_brand","embeddable":true,"href":"https:\/\/tomatodvd2023.com\/store\/wp-json\/wp\/v2\/product_brand?post=418548"},{"taxonomy":"product_cat","embeddable":true,"href":"https:\/\/tomatodvd2023.com\/store\/wp-json\/wp\/v2\/product_cat?post=418548"},{"taxonomy":"product_tag","embeddable":true,"href":"https:\/\/tomatodvd2023.com\/store\/wp-json\/wp\/v2\/product_tag?post=418548"}],"curies":[{"name":"wp","href":"https:\/\/api.w.org\/{rel}","templated":true}]}}