{"id":60277,"date":"2023-10-12T00:00:00","date_gmt":"2023-10-11T15:00:00","guid":{"rendered":"https:\/\/tomatodvd2023.com\/store\/product\/%e3%82%ad%e3%83%a1%e3%82%bb%e3%82%af%e7%9b%b8%e9%83%a8%e5%b1%8bntr-%e5%a4%a7%e5%ab%8c%e3%81%84%e3%81%a7%e6%9c%80%e4%bd%8e%e6%9c%80%e6%82%aa%e3%81%aa%e7%b5%b6%e5%80%ab%e5%85%83%e3%82%ab%e3%83%ac-2\/"},"modified":"2024-05-20T07:30:01","modified_gmt":"2024-05-19T22:30:01","slug":"%e3%82%ad%e3%83%a1%e3%82%bb%e3%82%af%e7%9b%b8%e9%83%a8%e5%b1%8bntr-%e5%a4%a7%e5%ab%8c%e3%81%84%e3%81%a7%e6%9c%80%e4%bd%8e%e6%9c%80%e6%82%aa%e3%81%aa%e7%b5%b6%e5%80%ab%e5%85%83%e3%82%ab%e3%83%ac-2","status":"publish","type":"product","link":"https:\/\/tomatodvd2023.com\/store\/product\/%e3%82%ad%e3%83%a1%e3%82%bb%e3%82%af%e7%9b%b8%e9%83%a8%e5%b1%8bntr-%e5%a4%a7%e5%ab%8c%e3%81%84%e3%81%a7%e6%9c%80%e4%bd%8e%e6%9c%80%e6%82%aa%e3%81%aa%e7%b5%b6%e5%80%ab%e5%85%83%e3%82%ab%e3%83%ac-2\/","title":{"rendered":"\u30ad\u30e1\u30bb\u30af\u76f8\u90e8\u5c4bNTR \u5927\u5acc\u3044\u3067\u6700\u4f4e\u6700\u60aa\u306a\u7d76\u502b\u5143\u30ab\u30ec\u306b\u2026\u5a9a\u85ac\u3092\u98f2\u307e\u3055\u308c\u2026\u00d7\u00d7\u00d7\u3002 \u9752\u7a7a\u3072\u304b\u308a"},"content":{"rendered":"","protected":false},"excerpt":{"rendered":"<p>\u88cf\u5207\u3089\u308c\u305f\u618e\u3057\u307f\u304c\u5fd8\u308c\u3089\u308c\u306a\u3044\u6700\u60aa\u306a\u5143\u30ab\u30ec\u3068\u307e\u3055\u304b\u306e\u76f8\u90e8\u5c4b\u3002\u5927\u597d\u304d\u306a\u5a5a\u7d04\u8005\u304c\u5f85\u3063\u3066\u3044\u308b\u306e\u306b\u6297\u3048\u306a\u3044\u2026\u5a9a\u85ac\u306e\u529b\u3067\u5f37\u25cf\u7684\u306b\u601d\u3044\u51fa\u3055\u305b\u3089\u308c\u305f\u672c\u80fd\u306b\u7406\u6027\u304c\u5439\u304d\u98db\u3073\u30a4\u30e4\u306a\u306e\u306b\u6c42\u3081\u3061\u3083\u3046\uff01\u5927\u5acc\u3044\u306a\u306f\u305a\u306a\u306e\u306b\u2026\u5fc3\u3068\u306f\u88cf\u8179\u306b\u3042\u3044\u3064\u306e\u3053\u3068\u3092\u6c42\u3081\u3061\u3083\u3046\u2026 \u672a\u7d4c\u9a13\u306e\u5feb\u697d\u3067\u30a4\u30ad\u307e\u304f\u308b\u30ab\u30e9\u30c0\u3001\u77e5\u3063\u3066\u3057\u307e\u3063\u305f\u3089\u623b\u308c\u306a\u3044\u5927\u7d76\u9802\uff01<\/p>\n","protected":false},"featured_media":60278,"template":"","meta":{"_acf_changed":false},"product_brand":[],"product_cat":[16,146,338,19,21,56,33,20],"product_tag":[],"class_list":{"0":"post-60277","1":"product","2":"type-product","3":"status-publish","4":"has-post-thumbnail","6":"product_cat-sku","7":"product_cat-sod","8":"product_cat-y","9":"product_cat-genre","10":"product_cat-mfr","11":"product_cat-56","12":"product_cat-33","13":"product_cat-looks","15":"first","16":"instock","17":"purchasable","18":"product-type-simple"},"acf":[],"_links":{"self":[{"href":"https:\/\/tomatodvd2023.com\/store\/wp-json\/wp\/v2\/product\/60277","targetHints":{"allow":["GET"]}}],"collection":[{"href":"https:\/\/tomatodvd2023.com\/store\/wp-json\/wp\/v2\/product"}],"about":[{"href":"https:\/\/tomatodvd2023.com\/store\/wp-json\/wp\/v2\/types\/product"}],"wp:featuredmedia":[{"embeddable":true,"href":"https:\/\/tomatodvd2023.com\/store\/wp-json\/wp\/v2\/media\/60278"}],"wp:attachment":[{"href":"https:\/\/tomatodvd2023.com\/store\/wp-json\/wp\/v2\/media?parent=60277"}],"wp:term":[{"taxonomy":"product_brand","embeddable":true,"href":"https:\/\/tomatodvd2023.com\/store\/wp-json\/wp\/v2\/product_brand?post=60277"},{"taxonomy":"product_cat","embeddable":true,"href":"https:\/\/tomatodvd2023.com\/store\/wp-json\/wp\/v2\/product_cat?post=60277"},{"taxonomy":"product_tag","embeddable":true,"href":"https:\/\/tomatodvd2023.com\/store\/wp-json\/wp\/v2\/product_tag?post=60277"}],"curies":[{"name":"wp","href":"https:\/\/api.w.org\/{rel}","templated":true}]}}