{"id":94879,"date":"2022-05-25T00:00:00","date_gmt":"2022-05-24T15:00:00","guid":{"rendered":"https:\/\/tomatodvd2023.com\/store\/product\/%e3%82%ad%e3%83%a1%e3%82%bb%e3%82%af%e7%9b%b8%e9%83%a8%e5%b1%8bntr-%ef%bd%9eanother-story%ef%bd%9e-%e5%a4%a7%e5%ab%8c%e3%81%84%e3%81%a7%e6%9c%80%e4%bd%8e%e6%9c%80%e6%82%aa%e3%81%aa%e7%b5%b6%e5%80%ab\/"},"modified":"2024-05-20T23:09:43","modified_gmt":"2024-05-20T14:09:43","slug":"%e3%82%ad%e3%83%a1%e3%82%bb%e3%82%af%e7%9b%b8%e9%83%a8%e5%b1%8bntr-%ef%bd%9eanother-story%ef%bd%9e-%e5%a4%a7%e5%ab%8c%e3%81%84%e3%81%a7%e6%9c%80%e4%bd%8e%e6%9c%80%e6%82%aa%e3%81%aa%e7%b5%b6%e5%80%ab","status":"publish","type":"product","link":"https:\/\/tomatodvd2023.com\/store\/product\/%e3%82%ad%e3%83%a1%e3%82%bb%e3%82%af%e7%9b%b8%e9%83%a8%e5%b1%8bntr-%ef%bd%9eanother-story%ef%bd%9e-%e5%a4%a7%e5%ab%8c%e3%81%84%e3%81%a7%e6%9c%80%e4%bd%8e%e6%9c%80%e6%82%aa%e3%81%aa%e7%b5%b6%e5%80%ab\/","title":{"rendered":"\u30ad\u30e1\u30bb\u30af\u76f8\u90e8\u5c4bNTR \uff5eAnother Story\uff5e \u5927\u5acc\u3044\u3067\u6700\u4f4e\u6700\u60aa\u306a\u7d76\u502b\u5143\u30ab\u30ec\u306b\u2026\u5a9a\u85ac\u3092\u98f2\u307e\u3055\u308c\u2026\u00d7\u00d7\u00d7\u3002 \u5bae\u5cf6\u3081\u3044"},"content":{"rendered":"","protected":false},"excerpt":{"rendered":"<p>\u6700\u4f4e\u306a\u5143\u30ab\u30ec\u300c\u5409\u91ce\u300d\u3068\u306e\u5730\u65b9\u51fa\u5f35\u3067\u5a9a\u85ac\u3092\u98f2\u307e\u3055\u308c\u6700\u60aa\u306a\u4e00\u591c\u3092\u904e\u3054\u3057\u305f\u3042\u306e\u65e5\u304b\u30891\u5e74\u2026\u5bae\u5cf6\u306f\u540c\u50da\u306e\u8d64\u6a39\u3068\u7d50\u5a5a\u3002\u3057\u304b\u3057\u3001\u3042\u308c\u4ee5\u6765\u3001\u5a9a\u85ac\u306e\u5feb\u611f\u306b\u30cf\u30de\u3063\u3066\u3057\u307e\u3063\u305f\u5bae\u5cf6\u306f\u3001\u592b\u306b\u5185\u7dd2\u3067\u5409\u91ce\u3068\u306eW\u4e0d\u502b\u3092\u7d9a\u3051\u3066\u3044\u305f\u2026\u3002\u305d\u3057\u3066\u3001\u4e88\u60f3\u3067\u304d\u306a\u3044\u3001\u30ad\u30e1\u30bb\u30af\u76f8\u90e8\u5c4bNTR\u885d\u6483\u306e\u30af\u30e9\u30a4\u30de\u30c3\u30af\u30b9\u304c\u2026\u3002<\/p>\n","protected":false},"featured_media":94880,"template":"","meta":{"_acf_changed":false},"product_brand":[],"product_cat":[16,146,398,19,21,27,28,20],"product_tag":[],"class_list":{"0":"post-94879","1":"product","2":"type-product","3":"status-publish","4":"has-post-thumbnail","6":"product_cat-sku","7":"product_cat-sod","8":"product_cat-w","9":"product_cat-genre","10":"product_cat-mfr","11":"product_cat-27","12":"product_cat-28","13":"product_cat-looks","15":"first","16":"instock","17":"purchasable","18":"product-type-simple"},"acf":[],"_links":{"self":[{"href":"https:\/\/tomatodvd2023.com\/store\/wp-json\/wp\/v2\/product\/94879","targetHints":{"allow":["GET"]}}],"collection":[{"href":"https:\/\/tomatodvd2023.com\/store\/wp-json\/wp\/v2\/product"}],"about":[{"href":"https:\/\/tomatodvd2023.com\/store\/wp-json\/wp\/v2\/types\/product"}],"wp:featuredmedia":[{"embeddable":true,"href":"https:\/\/tomatodvd2023.com\/store\/wp-json\/wp\/v2\/media\/94880"}],"wp:attachment":[{"href":"https:\/\/tomatodvd2023.com\/store\/wp-json\/wp\/v2\/media?parent=94879"}],"wp:term":[{"taxonomy":"product_brand","embeddable":true,"href":"https:\/\/tomatodvd2023.com\/store\/wp-json\/wp\/v2\/product_brand?post=94879"},{"taxonomy":"product_cat","embeddable":true,"href":"https:\/\/tomatodvd2023.com\/store\/wp-json\/wp\/v2\/product_cat?post=94879"},{"taxonomy":"product_tag","embeddable":true,"href":"https:\/\/tomatodvd2023.com\/store\/wp-json\/wp\/v2\/product_tag?post=94879"}],"curies":[{"name":"wp","href":"https:\/\/api.w.org\/{rel}","templated":true}]}}